{"id":2,"date":"2015-10-05T17:17:41","date_gmt":"2015-10-05T17:17:41","guid":{"rendered":"http:\/\/kovacselemer.ro\/?page_id=2"},"modified":"2018-04-22T07:56:06","modified_gmt":"2018-04-22T07:56:06","slug":"rolunk","status":"publish","type":"page","link":"https:\/\/kovacselemer.ro\/ro\/rolunk\/","title":{"rendered":"Despre Noi"},"content":{"rendered":"<p><\/p>\n<h3><\/h3>\n<h3>Dr. Kov\u00e1cs Elem\u00e9r<\/h3>\n<ul>\n<li><span style=\"font-weight: 400;\">1998 \u2013 absolvent al Universit\u0103\u021bii de Medicin\u0103 \u0219i Farmacie din T\u00e2rgu Mure\u0219 Facultatea de Stomatologie<\/span><\/li>\n<li>absolvent al Universit\u0103\u021bii de Medicin\u0103 \u0219i Farmacie din T\u00e2rgu Mure\u0219 Facultatea de Medicin\u0103 General\u0103<\/li>\n<li>medic specialist chirurgie oral\u0103 \u0219i maxilofacial\u0103<\/li>\n<li>medic primar stomatologie general\u0103<\/li>\n<li>angajat al UMF T\u00e2rgu Mure\u0219, Facultatea de Stomatologie \u0219i Spital Jude\u021bean de Urgen\u021b\u0103 T\u00e2rgu Mure\u0219 \u00een cadrul Clinicii de Chirurgie Oral\u0103 \u0219i Maxilofacial\u0103<\/li>\n<li>curs intensiv parodontologie<\/li>\n<li>cursuri implantologie<\/li>\n<li>fondator al Cabinetului Medical Individual de Stomatologie si Chirurgie OMF dr. Kovacs Elemer<\/li>\n<li>competen\u021b\u0103 Laser \u00een stomatologie<\/li>\n<\/ul>\n<h3>Dr. Kov\u00e1cs Andrea<\/h3>\n<ul>\n<li style=\"font-weight: 400;\"><span style=\"font-weight: 400;\">1998 &#8211; absolvent al Universit\u0103\u021bii de Medicin\u0103 \u0219i Farmacie din T\u00e2rgu Mure\u0219 Facultatea de Stomatologie<\/span><\/li>\n<li style=\"font-weight: 400;\"><span style=\"font-weight: 400;\">2002 &#8211; medic specialist stomatologie general\u0103<\/span><\/li>\n<li style=\"font-weight: 400;\"><span style=\"font-weight: 400;\">2008 &#8211; medic primar stomatologie general\u0103<\/span><\/li>\n<\/ul>\n<h3>Dr. Luk\u00e1cs Kamilla<\/h3>\n<ul>\n<li>absolvent al Universit\u0103\u021bii de Medicin\u0103 \u0219i Farmacie din T\u00e2rgu Mure\u0219 Facultatea de Stomatologie<\/li>\n<li>medic stomatolog generalist<\/li>\n<\/ul>\n<p><\/p>","protected":false},"excerpt":{"rendered":"<p>Dr. Kov\u00e1cs Elem\u00e9r 1998 \u2013 absolvent al Universit\u0103\u021bii de Medicin\u0103 \u0219i Farmacie din T\u00e2rgu Mure\u0219 Facultatea de Stomatologie absolvent al Universit\u0103\u021bii de Medicin\u0103 \u0219i Farmacie din T\u00e2rgu Mure\u0219 Facultatea de Medicin\u0103 General\u0103 medic specialist chirurgie oral\u0103 \u0219i maxilofacial\u0103 medic primar stomatologie general\u0103 angajat al UMF T\u00e2rgu Mure\u0219, Facultatea de Stomatologie<\/p>\n","protected":false},"author":1,"featured_media":0,"parent":0,"menu_order":0,"comment_status":"closed","ping_status":"open","template":"","meta":{"footnotes":""},"class_list":["post-2","page","type-page","status-publish","hentry"],"_links":{"self":[{"href":"https:\/\/kovacselemer.ro\/ro\/wp-json\/wp\/v2\/pages\/2","targetHints":{"allow":["GET"]}}],"collection":[{"href":"https:\/\/kovacselemer.ro\/ro\/wp-json\/wp\/v2\/pages"}],"about":[{"href":"https:\/\/kovacselemer.ro\/ro\/wp-json\/wp\/v2\/types\/page"}],"author":[{"embeddable":true,"href":"https:\/\/kovacselemer.ro\/ro\/wp-json\/wp\/v2\/users\/1"}],"replies":[{"embeddable":true,"href":"https:\/\/kovacselemer.ro\/ro\/wp-json\/wp\/v2\/comments?post=2"}],"version-history":[{"count":7,"href":"https:\/\/kovacselemer.ro\/ro\/wp-json\/wp\/v2\/pages\/2\/revisions"}],"predecessor-version":[{"id":48,"href":"https:\/\/kovacselemer.ro\/ro\/wp-json\/wp\/v2\/pages\/2\/revisions\/48"}],"wp:attachment":[{"href":"https:\/\/kovacselemer.ro\/ro\/wp-json\/wp\/v2\/media?parent=2"}],"curies":[{"name":"wp","href":"https:\/\/api.w.org\/{rel}","templated":true}]}}